{"id":8698,"date":"2025-06-30T11:37:56","date_gmt":"2025-06-30T11:37:56","guid":{"rendered":"https:\/\/robinetterieitaly.tierschutzde.de\/?post_type=product&#038;p=8698"},"modified":"2025-06-30T11:39:19","modified_gmt":"2025-06-30T11:39:19","slug":"baterii-pentru-lavoar-light","status":"publish","type":"product","link":"https:\/\/robinetterieitaly.tierschutzde.de\/?product=baterii-pentru-lavoar-light","title":{"rendered":"Baterii pentru lavoar light"},"content":{"rendered":"","protected":false},"excerpt":{"rendered":"<p data-start=\"41\" data-end=\"114\"><strong data-start=\"41\" data-end=\"114\">\u201eBaterie monocomand\u0103 pentru chiuvet\u0103 cu pipa orientabil\u0103, complet cu:<\/strong><\/p>\n<p data-start=\"116\" data-end=\"154\">\u2022 set 2 furtunuri flexibile inox 3\/8\u201dG<\/p>\n<p data-start=\"156\" data-end=\"186\">\u2022 1 furtun flexibil inox M15x1<\/p>\n<p data-start=\"188\" data-end=\"258\">\u2022 1 furtun flexibil nylon 1\/2\u201dG x M15x1 L.1500mm cu greutate ecologic\u0103<\/p>\n<p data-start=\"260\" data-end=\"329\" data-is-last-node=\"\" data-is-only-node=\"\">LIG 285 . . -MET<br data-start=\"276\" data-end=\"279\" \/>cu du\u0219 extractibil Dualget (2 jeturi) din metal\u201d**<\/p>\n","protected":false},"featured_media":8699,"comment_status":"open","ping_status":"closed","template":"","meta":[],"product_brand":[],"product_cat":[29],"product_tag":[],"class_list":{"0":"post-8698","1":"product","2":"type-product","3":"status-publish","4":"has-post-thumbnail","6":"product_cat-baterii-pentru-lavoar","8":"first","9":"instock","10":"shipping-taxable","11":"purchasable","12":"product-type-simple"},"_links":{"self":[{"href":"https:\/\/robinetterieitaly.tierschutzde.de\/index.php?rest_route=\/wp\/v2\/product\/8698","targetHints":{"allow":["GET"]}}],"collection":[{"href":"https:\/\/robinetterieitaly.tierschutzde.de\/index.php?rest_route=\/wp\/v2\/product"}],"about":[{"href":"https:\/\/robinetterieitaly.tierschutzde.de\/index.php?rest_route=\/wp\/v2\/types\/product"}],"replies":[{"embeddable":true,"href":"https:\/\/robinetterieitaly.tierschutzde.de\/index.php?rest_route=%2Fwp%2Fv2%2Fcomments&post=8698"}],"version-history":[{"count":2,"href":"https:\/\/robinetterieitaly.tierschutzde.de\/index.php?rest_route=\/wp\/v2\/product\/8698\/revisions"}],"predecessor-version":[{"id":8703,"href":"https:\/\/robinetterieitaly.tierschutzde.de\/index.php?rest_route=\/wp\/v2\/product\/8698\/revisions\/8703"}],"wp:featuredmedia":[{"embeddable":true,"href":"https:\/\/robinetterieitaly.tierschutzde.de\/index.php?rest_route=\/wp\/v2\/media\/8699"}],"wp:attachment":[{"href":"https:\/\/robinetterieitaly.tierschutzde.de\/index.php?rest_route=%2Fwp%2Fv2%2Fmedia&parent=8698"}],"wp:term":[{"taxonomy":"product_brand","embeddable":true,"href":"https:\/\/robinetterieitaly.tierschutzde.de\/index.php?rest_route=%2Fwp%2Fv2%2Fproduct_brand&post=8698"},{"taxonomy":"product_cat","embeddable":true,"href":"https:\/\/robinetterieitaly.tierschutzde.de\/index.php?rest_route=%2Fwp%2Fv2%2Fproduct_cat&post=8698"},{"taxonomy":"product_tag","embeddable":true,"href":"https:\/\/robinetterieitaly.tierschutzde.de\/index.php?rest_route=%2Fwp%2Fv2%2Fproduct_tag&post=8698"}],"curies":[{"name":"wp","href":"https:\/\/api.w.org\/{rel}","templated":true}]}}