{"id":8710,"date":"2025-06-30T11:46:37","date_gmt":"2025-06-30T11:46:37","guid":{"rendered":"https:\/\/robinetterieitaly.tierschutzde.de\/?post_type=product&#038;p=8710"},"modified":"2025-06-30T11:49:31","modified_gmt":"2025-06-30T11:49:31","slug":"chef","status":"publish","type":"product","link":"https:\/\/robinetterieitaly.tierschutzde.de\/?product=chef","title":{"rendered":"Baterii pentru lavoar chef"},"content":{"rendered":"","protected":false},"excerpt":{"rendered":"<p data-start=\"27\" data-end=\"107\"><strong data-start=\"27\" data-end=\"107\">\u201eBaterie monocomand\u0103 \u00eenalt\u0103 pentru chiuvet\u0103 cu pip\u0103 orientabil\u0103, complet cu:<\/strong><\/p>\n<p data-start=\"109\" data-end=\"147\">\u2022 set 2 furtunuri flexibile inox 3\/8\u201dG<\/p>\n<p data-start=\"149\" data-end=\"216\">\u2022 furtun flexibil nylon cu greutate ecologic\u0103 1\/2\u201d-M10x1 \/ L.1500mm<\/p>\n<p data-start=\"218\" data-end=\"272\">CH 185<br data-start=\"224\" data-end=\"227\" \/>cu du\u0219 extractibil Minimal (2 jeturi) din ABS<\/p>\n<p data-start=\"274\" data-end=\"294\" data-is-last-node=\"\" data-is-only-node=\"\">cu pip\u0103 tub \u00d830mm\u201d**<\/p>\n","protected":false},"featured_media":8715,"comment_status":"open","ping_status":"closed","template":"","meta":[],"product_brand":[],"product_cat":[75,29],"product_tag":[],"class_list":{"0":"post-8710","1":"product","2":"type-product","3":"status-publish","4":"has-post-thumbnail","6":"product_cat-baterii-pentru-bucatarie","7":"product_cat-baterii-pentru-lavoar","9":"first","10":"instock","11":"shipping-taxable","12":"purchasable","13":"product-type-simple"},"_links":{"self":[{"href":"https:\/\/robinetterieitaly.tierschutzde.de\/index.php?rest_route=\/wp\/v2\/product\/8710","targetHints":{"allow":["GET"]}}],"collection":[{"href":"https:\/\/robinetterieitaly.tierschutzde.de\/index.php?rest_route=\/wp\/v2\/product"}],"about":[{"href":"https:\/\/robinetterieitaly.tierschutzde.de\/index.php?rest_route=\/wp\/v2\/types\/product"}],"replies":[{"embeddable":true,"href":"https:\/\/robinetterieitaly.tierschutzde.de\/index.php?rest_route=%2Fwp%2Fv2%2Fcomments&post=8710"}],"version-history":[{"count":2,"href":"https:\/\/robinetterieitaly.tierschutzde.de\/index.php?rest_route=\/wp\/v2\/product\/8710\/revisions"}],"predecessor-version":[{"id":8713,"href":"https:\/\/robinetterieitaly.tierschutzde.de\/index.php?rest_route=\/wp\/v2\/product\/8710\/revisions\/8713"}],"wp:featuredmedia":[{"embeddable":true,"href":"https:\/\/robinetterieitaly.tierschutzde.de\/index.php?rest_route=\/wp\/v2\/media\/8715"}],"wp:attachment":[{"href":"https:\/\/robinetterieitaly.tierschutzde.de\/index.php?rest_route=%2Fwp%2Fv2%2Fmedia&parent=8710"}],"wp:term":[{"taxonomy":"product_brand","embeddable":true,"href":"https:\/\/robinetterieitaly.tierschutzde.de\/index.php?rest_route=%2Fwp%2Fv2%2Fproduct_brand&post=8710"},{"taxonomy":"product_cat","embeddable":true,"href":"https:\/\/robinetterieitaly.tierschutzde.de\/index.php?rest_route=%2Fwp%2Fv2%2Fproduct_cat&post=8710"},{"taxonomy":"product_tag","embeddable":true,"href":"https:\/\/robinetterieitaly.tierschutzde.de\/index.php?rest_route=%2Fwp%2Fv2%2Fproduct_tag&post=8710"}],"curies":[{"name":"wp","href":"https:\/\/api.w.org\/{rel}","templated":true}]}}