{"id":8721,"date":"2025-06-30T11:59:05","date_gmt":"2025-06-30T11:59:05","guid":{"rendered":"https:\/\/robinetterieitaly.tierschutzde.de\/?post_type=product&#038;p=8721"},"modified":"2025-06-30T11:59:05","modified_gmt":"2025-06-30T11:59:05","slug":"chiuveta-suprapusa-villeroyboch-loopfriends-56x38-cm","status":"publish","type":"product","link":"https:\/\/robinetterieitaly.tierschutzde.de\/?product=chiuveta-suprapusa-villeroyboch-loopfriends-56x38-cm","title":{"rendered":"Chiuvet\u0103 suprapus\u0103 Villeroy&#038;Boch Loop&#038;Friends 56&#215;38 cm"},"content":{"rendered":"","protected":false},"excerpt":{"rendered":"<p data-start=\"46\" data-end=\"421\"><strong data-start=\"46\" data-end=\"421\">Chiuvet\u0103 suprapus\u0103 pe blat din colec\u021bia Loop &amp; Friends, cu pere\u021bi sub\u021biri, realizat\u0103 din material inovator TitanCeram \u2013 oxidul de titan con\u021binut \u00een compozi\u021bia sa permite crearea unor obiecte de o rezisten\u021b\u0103 excep\u021bional\u0103 \u0219i forme rafinate. Marginile \u0219i pere\u021bii sub\u021biri ai chiuvetelor din colec\u021bia Loop &amp; Friends reflect\u0103 u\u0219urin\u021ba caracteristic\u0103 colec\u021biilor de b\u0103i premium.<\/strong><\/p>\n<p data-start=\"423\" data-end=\"442\"><strong data-start=\"423\" data-end=\"442\">Caracteristici:<\/strong><\/p>\n<ul data-start=\"444\" data-end=\"825\">\n<li data-start=\"444\" data-end=\"478\">\n<p data-start=\"446\" data-end=\"478\">Chiuvet\u0103 pentru montaj pe blat<\/p>\n<\/li>\n<li data-start=\"479\" data-end=\"507\">\n<p data-start=\"481\" data-end=\"507\">Dimensiuni: 560 x 380 mm<\/p>\n<\/li>\n<li data-start=\"508\" data-end=\"532\">\n<p data-start=\"510\" data-end=\"532\">Material: TitanCeram<\/p>\n<\/li>\n<li data-start=\"533\" data-end=\"555\">\n<p data-start=\"535\" data-end=\"555\">Culoare: Alb Alpin<\/p>\n<\/li>\n<li data-start=\"556\" data-end=\"600\">\n<p data-start=\"558\" data-end=\"600\">F\u0103r\u0103 zon\u0103 pentru g\u0103uri de montaj baterie<\/p>\n<\/li>\n<li data-start=\"601\" data-end=\"665\">\n<p data-start=\"603\" data-end=\"665\">Pentru baterii cu picior \u00eenalt sau baterii montate pe perete<\/p>\n<\/li>\n<li data-start=\"666\" data-end=\"681\">\n<p data-start=\"668\" data-end=\"681\">Cu preaplin<\/p>\n<\/li>\n<li data-start=\"682\" data-end=\"745\">\n<p data-start=\"684\" data-end=\"745\">Include tij\u0103 extins\u0103 pentru mecanismul de evacuare \u201epop-up\u201d<\/p>\n<\/li>\n<li data-start=\"746\" data-end=\"772\">\n<p data-start=\"748\" data-end=\"772\">Include \u0219ablon decupaj<\/p>\n<\/li>\n<li data-start=\"773\" data-end=\"804\">\n<p data-start=\"775\" data-end=\"804\">Setul de fixare este inclus<\/p>\n<\/li>\n<li data-start=\"805\" data-end=\"825\">\n<p data-start=\"807\" data-end=\"825\">Greutate: 8,2 kg<\/p>\n<\/li>\n<\/ul>\n<p data-start=\"827\" data-end=\"1071\">Chiuvetele din colec\u021bia Loop &amp; Friends \u00eenc\u00e2nt\u0103 prin formele lor organice \u0219i, \u00een func\u021bie de model, prin forma modern\u0103 a preaplinului longitudinal. Drept urmare, acestea se integreaz\u0103 perfect \u00een diverse stiluri \u0219i condi\u021bii din baia dumneavoastr\u0103.<\/p>\n","protected":false},"featured_media":8722,"comment_status":"open","ping_status":"closed","template":"","meta":[],"product_brand":[],"product_cat":[76],"product_tag":[],"class_list":{"0":"post-8721","1":"product","2":"type-product","3":"status-publish","4":"has-post-thumbnail","6":"product_cat-chiuvete-suprapuse","8":"first","9":"instock","10":"shipping-taxable","11":"purchasable","12":"product-type-simple"},"_links":{"self":[{"href":"https:\/\/robinetterieitaly.tierschutzde.de\/index.php?rest_route=\/wp\/v2\/product\/8721","targetHints":{"allow":["GET"]}}],"collection":[{"href":"https:\/\/robinetterieitaly.tierschutzde.de\/index.php?rest_route=\/wp\/v2\/product"}],"about":[{"href":"https:\/\/robinetterieitaly.tierschutzde.de\/index.php?rest_route=\/wp\/v2\/types\/product"}],"replies":[{"embeddable":true,"href":"https:\/\/robinetterieitaly.tierschutzde.de\/index.php?rest_route=%2Fwp%2Fv2%2Fcomments&post=8721"}],"version-history":[{"count":1,"href":"https:\/\/robinetterieitaly.tierschutzde.de\/index.php?rest_route=\/wp\/v2\/product\/8721\/revisions"}],"predecessor-version":[{"id":8723,"href":"https:\/\/robinetterieitaly.tierschutzde.de\/index.php?rest_route=\/wp\/v2\/product\/8721\/revisions\/8723"}],"wp:featuredmedia":[{"embeddable":true,"href":"https:\/\/robinetterieitaly.tierschutzde.de\/index.php?rest_route=\/wp\/v2\/media\/8722"}],"wp:attachment":[{"href":"https:\/\/robinetterieitaly.tierschutzde.de\/index.php?rest_route=%2Fwp%2Fv2%2Fmedia&parent=8721"}],"wp:term":[{"taxonomy":"product_brand","embeddable":true,"href":"https:\/\/robinetterieitaly.tierschutzde.de\/index.php?rest_route=%2Fwp%2Fv2%2Fproduct_brand&post=8721"},{"taxonomy":"product_cat","embeddable":true,"href":"https:\/\/robinetterieitaly.tierschutzde.de\/index.php?rest_route=%2Fwp%2Fv2%2Fproduct_cat&post=8721"},{"taxonomy":"product_tag","embeddable":true,"href":"https:\/\/robinetterieitaly.tierschutzde.de\/index.php?rest_route=%2Fwp%2Fv2%2Fproduct_tag&post=8721"}],"curies":[{"name":"wp","href":"https:\/\/api.w.org\/{rel}","templated":true}]}}