{"id":8724,"date":"2025-06-30T12:01:40","date_gmt":"2025-06-30T12:01:40","guid":{"rendered":"https:\/\/robinetterieitaly.tierschutzde.de\/?post_type=product&#038;p=8724"},"modified":"2025-06-30T12:01:40","modified_gmt":"2025-06-30T12:01:40","slug":"chiuveta-suprapusa-omnires-tulsa-36-cm","status":"publish","type":"product","link":"https:\/\/robinetterieitaly.tierschutzde.de\/?product=chiuveta-suprapusa-omnires-tulsa-36-cm","title":{"rendered":"Chiuvet\u0103 suprapus\u0103 Omnires TULSA 36 cm"},"content":{"rendered":"","protected":false},"excerpt":{"rendered":"<p data-start=\"32\" data-end=\"214\"><strong data-start=\"32\" data-end=\"214\">Chiuveta Omnires TULSA \u2013 o solu\u021bie universal\u0103 \u0219i accesibil\u0103 pentru baia dumneavoastr\u0103. Calitatea \u00eenalt\u0103 a materialelor utilizate asigur\u0103 durabilitatea \u0219i fiabilitatea produsului.<\/strong><\/p>\n<p data-start=\"216\" data-end=\"235\"><strong data-start=\"216\" data-end=\"235\">Caracteristici:<\/strong><\/p>\n<ul data-start=\"237\" data-end=\"405\">\n<li data-start=\"237\" data-end=\"265\">\n<p data-start=\"239\" data-end=\"265\">Montaj: suprapus pe blat<\/p>\n<\/li>\n<li data-start=\"266\" data-end=\"290\">\n<p data-start=\"268\" data-end=\"290\">Dimensiuni: \u00d8 360 mm<\/p>\n<\/li>\n<li data-start=\"291\" data-end=\"308\">\n<p data-start=\"293\" data-end=\"308\">F\u0103r\u0103 preaplin<\/p>\n<\/li>\n<li data-start=\"309\" data-end=\"331\">\n<p data-start=\"311\" data-end=\"331\">Material: ceramic\u0103<\/p>\n<\/li>\n<li data-start=\"332\" data-end=\"355\">\n<p data-start=\"334\" data-end=\"355\">Culoare: alb lucios<\/p>\n<\/li>\n<li data-start=\"356\" data-end=\"405\">\n<p data-start=\"358\" data-end=\"405\">Sifonul de scurgere se achizi\u021bioneaz\u0103 separat<\/p>\n<\/li>\n<\/ul>\n","protected":false},"featured_media":8725,"comment_status":"open","ping_status":"closed","template":"","meta":[],"product_brand":[],"product_cat":[76],"product_tag":[],"class_list":{"0":"post-8724","1":"product","2":"type-product","3":"status-publish","4":"has-post-thumbnail","6":"product_cat-chiuvete-suprapuse","8":"first","9":"instock","10":"shipping-taxable","11":"purchasable","12":"product-type-simple"},"_links":{"self":[{"href":"https:\/\/robinetterieitaly.tierschutzde.de\/index.php?rest_route=\/wp\/v2\/product\/8724","targetHints":{"allow":["GET"]}}],"collection":[{"href":"https:\/\/robinetterieitaly.tierschutzde.de\/index.php?rest_route=\/wp\/v2\/product"}],"about":[{"href":"https:\/\/robinetterieitaly.tierschutzde.de\/index.php?rest_route=\/wp\/v2\/types\/product"}],"replies":[{"embeddable":true,"href":"https:\/\/robinetterieitaly.tierschutzde.de\/index.php?rest_route=%2Fwp%2Fv2%2Fcomments&post=8724"}],"version-history":[{"count":1,"href":"https:\/\/robinetterieitaly.tierschutzde.de\/index.php?rest_route=\/wp\/v2\/product\/8724\/revisions"}],"predecessor-version":[{"id":8726,"href":"https:\/\/robinetterieitaly.tierschutzde.de\/index.php?rest_route=\/wp\/v2\/product\/8724\/revisions\/8726"}],"wp:featuredmedia":[{"embeddable":true,"href":"https:\/\/robinetterieitaly.tierschutzde.de\/index.php?rest_route=\/wp\/v2\/media\/8725"}],"wp:attachment":[{"href":"https:\/\/robinetterieitaly.tierschutzde.de\/index.php?rest_route=%2Fwp%2Fv2%2Fmedia&parent=8724"}],"wp:term":[{"taxonomy":"product_brand","embeddable":true,"href":"https:\/\/robinetterieitaly.tierschutzde.de\/index.php?rest_route=%2Fwp%2Fv2%2Fproduct_brand&post=8724"},{"taxonomy":"product_cat","embeddable":true,"href":"https:\/\/robinetterieitaly.tierschutzde.de\/index.php?rest_route=%2Fwp%2Fv2%2Fproduct_cat&post=8724"},{"taxonomy":"product_tag","embeddable":true,"href":"https:\/\/robinetterieitaly.tierschutzde.de\/index.php?rest_route=%2Fwp%2Fv2%2Fproduct_tag&post=8724"}],"curies":[{"name":"wp","href":"https:\/\/api.w.org\/{rel}","templated":true}]}}