{"id":8739,"date":"2025-06-30T12:12:59","date_gmt":"2025-06-30T12:12:59","guid":{"rendered":"https:\/\/robinetterieitaly.tierschutzde.de\/?post_type=product&#038;p=8739"},"modified":"2025-06-30T12:12:59","modified_gmt":"2025-06-30T12:12:59","slug":"baterie-termostatica-incastrata-pentru-cada-omnires-y-grafit","status":"publish","type":"product","link":"https:\/\/robinetterieitaly.tierschutzde.de\/?product=baterie-termostatica-incastrata-pentru-cada-omnires-y-grafit","title":{"rendered":"Baterie termostatic\u0103 incastrat\u0103 pentru cad\u0103 OMNIRES Y, grafit"},"content":{"rendered":"","protected":false},"excerpt":{"rendered":"<p data-start=\"46\" data-end=\"141\"><strong data-start=\"46\" data-end=\"141\">Y | Baterie termostatic\u0103 pentru du\u0219 \u0219i cad\u0103 cu 3 ie\u0219iri, montaj \u00eencastrat, element exterior<\/strong><\/p>\n<p data-start=\"143\" data-end=\"390\">La baza designului bateriilor din seria Y st\u0103 forma cercului, cea mai perfect\u0103 dintre figurile geometrice, care se potrive\u0219te armonios \u00een orice interior. Pentru a p\u0103stra aspectul ini\u021bial al produsului, este suficient s\u0103 folosi\u021bi detergen\u021bi bl\u00e2nzi.<\/p>\n<p data-start=\"392\" data-end=\"544\">Grafitul este un finisaj captivant, \u00eentr-o nuan\u021b\u0103 de gri metalic, cu suprafa\u021b\u0103 mat\u0103 \u0219i periat\u0103. Produsul este acoperit folosind tehnologia avansat\u0103 PVD.<\/p>\n<p data-start=\"546\" data-end=\"565\"><strong data-start=\"546\" data-end=\"565\">Caracteristici:<\/strong><\/p>\n<ul data-start=\"567\" data-end=\"743\">\n<li data-start=\"567\" data-end=\"588\">\n<p data-start=\"569\" data-end=\"588\">Montaj: \u00eencastrat<\/p>\n<\/li>\n<li data-start=\"589\" data-end=\"626\">\n<p data-start=\"591\" data-end=\"626\">Dimensiunea rozetelor: 115&#215;275 mm<\/p>\n<\/li>\n<li data-start=\"627\" data-end=\"655\">\n<p data-start=\"629\" data-end=\"655\">Tip control: termostatic<\/p>\n<\/li>\n<li data-start=\"656\" data-end=\"690\">\n<p data-start=\"658\" data-end=\"690\">Limitator de temperatur\u0103: 38\u00b0C<\/p>\n<\/li>\n<li data-start=\"691\" data-end=\"710\">\n<p data-start=\"693\" data-end=\"710\">Material: alam\u0103<\/p>\n<\/li>\n<li data-start=\"711\" data-end=\"743\">\n<p data-start=\"713\" data-end=\"743\">Acoperire galvanic\u0103 \u201egrafit\u201d<\/p>\n<\/li>\n<\/ul>\n","protected":false},"featured_media":8740,"comment_status":"open","ping_status":"closed","template":"","meta":[],"product_brand":[],"product_cat":[28],"product_tag":[],"class_list":{"0":"post-8739","1":"product","2":"type-product","3":"status-publish","4":"has-post-thumbnail","6":"product_cat-baterii","8":"first","9":"instock","10":"shipping-taxable","11":"purchasable","12":"product-type-simple"},"_links":{"self":[{"href":"https:\/\/robinetterieitaly.tierschutzde.de\/index.php?rest_route=\/wp\/v2\/product\/8739","targetHints":{"allow":["GET"]}}],"collection":[{"href":"https:\/\/robinetterieitaly.tierschutzde.de\/index.php?rest_route=\/wp\/v2\/product"}],"about":[{"href":"https:\/\/robinetterieitaly.tierschutzde.de\/index.php?rest_route=\/wp\/v2\/types\/product"}],"replies":[{"embeddable":true,"href":"https:\/\/robinetterieitaly.tierschutzde.de\/index.php?rest_route=%2Fwp%2Fv2%2Fcomments&post=8739"}],"version-history":[{"count":1,"href":"https:\/\/robinetterieitaly.tierschutzde.de\/index.php?rest_route=\/wp\/v2\/product\/8739\/revisions"}],"predecessor-version":[{"id":8741,"href":"https:\/\/robinetterieitaly.tierschutzde.de\/index.php?rest_route=\/wp\/v2\/product\/8739\/revisions\/8741"}],"wp:featuredmedia":[{"embeddable":true,"href":"https:\/\/robinetterieitaly.tierschutzde.de\/index.php?rest_route=\/wp\/v2\/media\/8740"}],"wp:attachment":[{"href":"https:\/\/robinetterieitaly.tierschutzde.de\/index.php?rest_route=%2Fwp%2Fv2%2Fmedia&parent=8739"}],"wp:term":[{"taxonomy":"product_brand","embeddable":true,"href":"https:\/\/robinetterieitaly.tierschutzde.de\/index.php?rest_route=%2Fwp%2Fv2%2Fproduct_brand&post=8739"},{"taxonomy":"product_cat","embeddable":true,"href":"https:\/\/robinetterieitaly.tierschutzde.de\/index.php?rest_route=%2Fwp%2Fv2%2Fproduct_cat&post=8739"},{"taxonomy":"product_tag","embeddable":true,"href":"https:\/\/robinetterieitaly.tierschutzde.de\/index.php?rest_route=%2Fwp%2Fv2%2Fproduct_tag&post=8739"}],"curies":[{"name":"wp","href":"https:\/\/api.w.org\/{rel}","templated":true}]}}