{"id":8759,"date":"2025-06-30T12:32:36","date_gmt":"2025-06-30T12:32:36","guid":{"rendered":"https:\/\/robinetterieitaly.tierschutzde.de\/?post_type=product&#038;p=8759"},"modified":"2025-06-30T12:33:05","modified_gmt":"2025-06-30T12:33:05","slug":"set-de-dus-hansa-basicjet-eco-negru-mat","status":"publish","type":"product","link":"https:\/\/robinetterieitaly.tierschutzde.de\/?product=set-de-dus-hansa-basicjet-eco-negru-mat","title":{"rendered":"Set de du\u0219 Hansa BASICJET ECO, negru mat"},"content":{"rendered":"","protected":false},"excerpt":{"rendered":"<p data-start=\"32\" data-end=\"249\"><strong data-start=\"32\" data-end=\"249\">Hansa BASICJET ECO \u00een culoarea negru mat este un set de du\u0219 elegant \u0219i func\u021bional, ideal pentru b\u0103ile moderne. Combin\u0103 un design rafinat cu tehnologii avansate, asigur\u00e2nd confort \u00een utilizare \u0219i economisirea apei.<\/strong><\/p>\n<p data-start=\"251\" data-end=\"270\"><strong data-start=\"251\" data-end=\"270\">Caracteristici:<\/strong><\/p>\n<ul data-start=\"272\" data-end=\"772\">\n<li data-start=\"272\" data-end=\"302\">\n<p data-start=\"274\" data-end=\"302\">Material: plastic compozit<\/p>\n<\/li>\n<li data-start=\"303\" data-end=\"338\">\n<p data-start=\"305\" data-end=\"338\">Diametrul capului de du\u0219: 95 mm<\/p>\n<\/li>\n<li data-start=\"339\" data-end=\"393\">\n<p data-start=\"341\" data-end=\"393\">Num\u0103r moduri jet: 3 (normal, revigorant, relaxant)<\/p>\n<\/li>\n<li data-start=\"394\" data-end=\"421\">\n<p data-start=\"396\" data-end=\"421\">Lungime furtun: 1750 mm<\/p>\n<\/li>\n<li data-start=\"422\" data-end=\"479\">\n<p data-start=\"424\" data-end=\"479\">Echipare: du\u0219 manual, suport de perete, furtun de du\u0219<\/p>\n<\/li>\n<li data-start=\"480\" data-end=\"638\">\n<p data-start=\"482\" data-end=\"638\">Tehnologii: func\u021bie eco care limiteaz\u0103 consumul de ap\u0103 la 9 l\/min la o presiune de 3 bar; protec\u021bie \u00eempotriva depunerilor de calcar pentru cur\u0103\u021bare u\u0219oar\u0103<\/p>\n<\/li>\n<li data-start=\"639\" data-end=\"659\">\n<p data-start=\"641\" data-end=\"659\">Conexiune: G 1\/2<\/p>\n<\/li>\n<li data-start=\"660\" data-end=\"705\">\n<p data-start=\"662\" data-end=\"705\">Temperatura maxim\u0103 a apei: p\u00e2n\u0103 la +65 \u00b0C<\/p>\n<\/li>\n<li data-start=\"706\" data-end=\"738\">\n<p data-start=\"708\" data-end=\"738\">Presiune de lucru: 0,5\u20135 bar<\/p>\n<\/li>\n<li data-start=\"739\" data-end=\"772\">\n<p data-start=\"741\" data-end=\"772\">Standardele: EN 1112, EN 1113<\/p>\n<\/li>\n<\/ul>\n","protected":false},"featured_media":8761,"comment_status":"open","ping_status":"closed","template":"","meta":[],"product_brand":[],"product_cat":[20],"product_tag":[],"class_list":{"0":"post-8759","1":"product","2":"type-product","3":"status-publish","4":"has-post-thumbnail","6":"product_cat-baterii-pentru-baie","8":"first","9":"instock","10":"shipping-taxable","11":"purchasable","12":"product-type-simple"},"_links":{"self":[{"href":"https:\/\/robinetterieitaly.tierschutzde.de\/index.php?rest_route=\/wp\/v2\/product\/8759","targetHints":{"allow":["GET"]}}],"collection":[{"href":"https:\/\/robinetterieitaly.tierschutzde.de\/index.php?rest_route=\/wp\/v2\/product"}],"about":[{"href":"https:\/\/robinetterieitaly.tierschutzde.de\/index.php?rest_route=\/wp\/v2\/types\/product"}],"replies":[{"embeddable":true,"href":"https:\/\/robinetterieitaly.tierschutzde.de\/index.php?rest_route=%2Fwp%2Fv2%2Fcomments&post=8759"}],"version-history":[{"count":2,"href":"https:\/\/robinetterieitaly.tierschutzde.de\/index.php?rest_route=\/wp\/v2\/product\/8759\/revisions"}],"predecessor-version":[{"id":8763,"href":"https:\/\/robinetterieitaly.tierschutzde.de\/index.php?rest_route=\/wp\/v2\/product\/8759\/revisions\/8763"}],"wp:featuredmedia":[{"embeddable":true,"href":"https:\/\/robinetterieitaly.tierschutzde.de\/index.php?rest_route=\/wp\/v2\/media\/8761"}],"wp:attachment":[{"href":"https:\/\/robinetterieitaly.tierschutzde.de\/index.php?rest_route=%2Fwp%2Fv2%2Fmedia&parent=8759"}],"wp:term":[{"taxonomy":"product_brand","embeddable":true,"href":"https:\/\/robinetterieitaly.tierschutzde.de\/index.php?rest_route=%2Fwp%2Fv2%2Fproduct_brand&post=8759"},{"taxonomy":"product_cat","embeddable":true,"href":"https:\/\/robinetterieitaly.tierschutzde.de\/index.php?rest_route=%2Fwp%2Fv2%2Fproduct_cat&post=8759"},{"taxonomy":"product_tag","embeddable":true,"href":"https:\/\/robinetterieitaly.tierschutzde.de\/index.php?rest_route=%2Fwp%2Fv2%2Fproduct_tag&post=8759"}],"curies":[{"name":"wp","href":"https:\/\/api.w.org\/{rel}","templated":true}]}}