{"id":8764,"date":"2025-06-30T12:35:49","date_gmt":"2025-06-30T12:35:49","guid":{"rendered":"https:\/\/robinetterieitaly.tierschutzde.de\/?post_type=product&#038;p=8764"},"modified":"2025-06-30T12:35:49","modified_gmt":"2025-06-30T12:35:49","slug":"sistem-de-dus-incastrat-omnires-contour-cupru-mat","status":"publish","type":"product","link":"https:\/\/robinetterieitaly.tierschutzde.de\/?product=sistem-de-dus-incastrat-omnires-contour-cupru-mat","title":{"rendered":"Sistem de du\u0219 \u00eencastrat Omnires Contour, cupru mat"},"content":{"rendered":"","protected":false},"excerpt":{"rendered":"<p data-start=\"32\" data-end=\"246\"><strong data-start=\"32\" data-end=\"246\">Colec\u021bia OMNIRES CONTOUR intrig\u0103 prin forma sa extravagant\u0103 \u0219i detaliile decorative. Designul arhitectural sobru, cu frezare diamantat\u0103, impresioneaz\u0103 prin combina\u021bia rafinat\u0103 de texturi \u0219i execu\u021bia impecabil\u0103.<\/strong><\/p>\n<p data-start=\"248\" data-end=\"396\"><strong data-start=\"248\" data-end=\"396\">Cuprul periat \u2013 un finisaj nobil, cu nuan\u021b\u0103 cald\u0103 ro\u0219u-maronie \u0219i suprafa\u021b\u0103 satinat\u0103. Acoperirea este aplicat\u0103 folosind tehnologia avansat\u0103 PVD.<\/strong><\/p>\n<p data-start=\"398\" data-end=\"417\"><strong data-start=\"398\" data-end=\"417\">Caracteristici:<\/strong><\/p>\n<ul data-start=\"419\" data-end=\"604\">\n<li data-start=\"419\" data-end=\"504\">\n<p data-start=\"421\" data-end=\"504\">Baterie pentru du\u0219\/cad\u0103 cu montaj \u00eencastrat, cu du\u0219 manual integrat (CT8035\/1GLB)<\/p>\n<\/li>\n<li data-start=\"505\" data-end=\"559\">\n<p data-start=\"507\" data-end=\"559\">Cap de du\u0219 superior din alam\u0103, dimensiuni: \u00f8 25 cm<\/p>\n<\/li>\n<li data-start=\"560\" data-end=\"604\">\n<p data-start=\"562\" data-end=\"604\">Suport pentru du\u0219 din alam\u0103 (RA01C\/KGLB)<\/p>\n<\/li>\n<\/ul>\n","protected":false},"featured_media":8765,"comment_status":"open","ping_status":"closed","template":"","meta":[],"product_brand":[],"product_cat":[20],"product_tag":[],"class_list":{"0":"post-8764","1":"product","2":"type-product","3":"status-publish","4":"has-post-thumbnail","6":"product_cat-baterii-pentru-baie","8":"first","9":"instock","10":"shipping-taxable","11":"purchasable","12":"product-type-simple"},"_links":{"self":[{"href":"https:\/\/robinetterieitaly.tierschutzde.de\/index.php?rest_route=\/wp\/v2\/product\/8764","targetHints":{"allow":["GET"]}}],"collection":[{"href":"https:\/\/robinetterieitaly.tierschutzde.de\/index.php?rest_route=\/wp\/v2\/product"}],"about":[{"href":"https:\/\/robinetterieitaly.tierschutzde.de\/index.php?rest_route=\/wp\/v2\/types\/product"}],"replies":[{"embeddable":true,"href":"https:\/\/robinetterieitaly.tierschutzde.de\/index.php?rest_route=%2Fwp%2Fv2%2Fcomments&post=8764"}],"version-history":[{"count":1,"href":"https:\/\/robinetterieitaly.tierschutzde.de\/index.php?rest_route=\/wp\/v2\/product\/8764\/revisions"}],"predecessor-version":[{"id":8766,"href":"https:\/\/robinetterieitaly.tierschutzde.de\/index.php?rest_route=\/wp\/v2\/product\/8764\/revisions\/8766"}],"wp:featuredmedia":[{"embeddable":true,"href":"https:\/\/robinetterieitaly.tierschutzde.de\/index.php?rest_route=\/wp\/v2\/media\/8765"}],"wp:attachment":[{"href":"https:\/\/robinetterieitaly.tierschutzde.de\/index.php?rest_route=%2Fwp%2Fv2%2Fmedia&parent=8764"}],"wp:term":[{"taxonomy":"product_brand","embeddable":true,"href":"https:\/\/robinetterieitaly.tierschutzde.de\/index.php?rest_route=%2Fwp%2Fv2%2Fproduct_brand&post=8764"},{"taxonomy":"product_cat","embeddable":true,"href":"https:\/\/robinetterieitaly.tierschutzde.de\/index.php?rest_route=%2Fwp%2Fv2%2Fproduct_cat&post=8764"},{"taxonomy":"product_tag","embeddable":true,"href":"https:\/\/robinetterieitaly.tierschutzde.de\/index.php?rest_route=%2Fwp%2Fv2%2Fproduct_tag&post=8764"}],"curies":[{"name":"wp","href":"https:\/\/api.w.org\/{rel}","templated":true}]}}